{"id":63,"date":"2021-04-01T17:48:13","date_gmt":"2021-04-01T15:48:13","guid":{"rendered":"http:\/\/www.blindagemacmahon.fr\/?page_id=63"},"modified":"2022-10-13T15:49:13","modified_gmt":"2022-10-13T13:49:13","slug":"blog","status":"publish","type":"page","link":"https:\/\/www.blindagemacmahon.fr\/","title":{"rendered":"Serrurerie Blindage Mac Mahon"},"content":{"rendered":"\n<p class=\"has-drop-cap\">Issue d\u2019une entreprise familiale depuis 1975 situ\u00e9e \u00e0 l\u2019est de Paris \u00ab <em>Blindage Avron<\/em> \u00bb, nous nous sommes implant\u00e9s \u00e0 l\u2019Ouest de Paris afin d\u2019\u00e9largir notre p\u00e9rim\u00e8tre d\u2019intervention et de continuer \u00e0 nous d\u00e9velopper tout en offrant notre professionnalisme et en respectant des tarifs clairs.<\/p>\n\n\n\n<p>Serrurier de m\u00e9tier de <em>p\u00e8re en fils<\/em> et dipl\u00f4m\u00e9 dans le domaine de la menuiserie dans les bois et mat\u00e9riaux associ\u00e9s de la prestigieuse <strong>\u00c9cole Boulle<\/strong> en 1999.<\/p>\n\n\n\n<p class=\"has-drop-cap\"><img loading=\"lazy\" decoding=\"async\" width=\"150\" height=\"98\" align=\"left\" class=\"wp-image-124\" style=\"width: 150px; margin-right : 7px;\" src=\"http:\/\/www.blindagemacmahon.fr\/wp-content\/uploads\/2021\/04\/arcdetriomhe2.jpg\">Situ\u00e9 \u00e0 200&nbsp;m\u00e8tres de l\u2019Arc de Triomphe au <em>27 Avenue Mac Mahon dans le 17<sup>\u00e8me<\/sup> Arrondissement<\/em>, nous sommes sp\u00e9cialistes de la serrurerie d\u00e9pannage, portes blind\u00e9es, ouvertures de portes, changements de serrures et cylindres, reproductions de cl\u00e9s et de badges d\u2019entr\u00e9es d\u2019immeubles. <br><\/p>\n\n\n\n<p>Nous effectuons <strong>la reproduction de tous types de cl\u00e9s<\/strong> ou tous mod\u00e8les ainsi que les cl\u00e9s de s\u00e9curit\u00e9 prot\u00e9g\u00e9e \u00e0 la Serrurerie Blindage Mac Mahon.<\/p>\n\n\n\n<p>La serrurerie Blindage Mac Mahon reste \u00e0 votre enti\u00e8re disposition pour toutes questions suppl\u00e9mentaires concernant tout types de d\u00e9pannages, portes blind\u00e9es, ouvertures de portes et cl\u00e9s minutes. <\/p>\n\n\n\n<p>Nous intervenons pour des d\u00e9pannages de serrurerie g\u00e9n\u00e9rale, ouvertures de portes, sur les changements de serrures toutes marques, installations des portes blind\u00e9es avec des serrures de haute s\u00e9curit\u00e9 ainsi que des remises en \u00e9tat suite \u00e0 des effractions et ce dans <em>tout Paris et sa proche banlieue<\/em>.<\/p>\n\n\n\n<figure class=\"wp-block-image size-large\"><img loading=\"lazy\" decoding=\"async\" width=\"1024\" height=\"656\" src=\"http:\/\/www.blindagemacmahon.fr\/wp-content\/uploads\/2021\/04\/plan-blindage-mac-mahon-1024x656.jpg\" alt=\"\" class=\"wp-image-340\" srcset=\"https:\/\/www.blindagemacmahon.fr\/wp-content\/uploads\/2021\/04\/plan-blindage-mac-mahon-1024x656.jpg 1024w, https:\/\/www.blindagemacmahon.fr\/wp-content\/uploads\/2021\/04\/plan-blindage-mac-mahon-300x192.jpg 300w, https:\/\/www.blindagemacmahon.fr\/wp-content\/uploads\/2021\/04\/plan-blindage-mac-mahon-768x492.jpg 768w, https:\/\/www.blindagemacmahon.fr\/wp-content\/uploads\/2021\/04\/plan-blindage-mac-mahon-1536x984.jpg 1536w, https:\/\/www.blindagemacmahon.fr\/wp-content\/uploads\/2021\/04\/plan-blindage-mac-mahon-825x529.jpg 825w, https:\/\/www.blindagemacmahon.fr\/wp-content\/uploads\/2021\/04\/plan-blindage-mac-mahon-1561x1000.jpg 1561w, https:\/\/www.blindagemacmahon.fr\/wp-content\/uploads\/2021\/04\/plan-blindage-mac-mahon-600x384.jpg 600w, https:\/\/www.blindagemacmahon.fr\/wp-content\/uploads\/2021\/04\/plan-blindage-mac-mahon-400x256.jpg 400w, https:\/\/www.blindagemacmahon.fr\/wp-content\/uploads\/2021\/04\/plan-blindage-mac-mahon.jpg 1926w\" sizes=\"auto, (max-width: 1024px) 100vw, 1024px\" \/><\/figure>\n","protected":false},"excerpt":{"rendered":"<p>Issue d\u2019une entreprise familiale depuis 1975 situ\u00e9e \u00e0 l\u2019est de Paris \u00ab Blindage Avron \u00bb, nous nous sommes implant\u00e9s \u00e0 l\u2019Ouest de Paris afin d\u2019\u00e9largir notre p\u00e9rim\u00e8tre d\u2019intervention et de&hellip;<a href=\"https:\/\/www.blindagemacmahon.fr\/\" class=\"more-link\"><span class=\"more-button\">Continue reading<span class=\"screen-reader-text\">Serrurerie Blindage Mac Mahon<\/span><\/span><\/a><\/p>\n","protected":false},"author":1,"featured_media":0,"parent":0,"menu_order":0,"comment_status":"closed","ping_status":"closed","template":"","meta":{"_monsterinsights_skip_tracking":false,"_monsterinsights_sitenote_active":false,"_monsterinsights_sitenote_note":"","_monsterinsights_sitenote_category":0,"footnotes":""},"class_list":["post-63","page","type-page","status-publish","hentry"],"_links":{"self":[{"href":"https:\/\/www.blindagemacmahon.fr\/index.php\/wp-json\/wp\/v2\/pages\/63","targetHints":{"allow":["GET"]}}],"collection":[{"href":"https:\/\/www.blindagemacmahon.fr\/index.php\/wp-json\/wp\/v2\/pages"}],"about":[{"href":"https:\/\/www.blindagemacmahon.fr\/index.php\/wp-json\/wp\/v2\/types\/page"}],"author":[{"embeddable":true,"href":"https:\/\/www.blindagemacmahon.fr\/index.php\/wp-json\/wp\/v2\/users\/1"}],"replies":[{"embeddable":true,"href":"https:\/\/www.blindagemacmahon.fr\/index.php\/wp-json\/wp\/v2\/comments?post=63"}],"version-history":[{"count":8,"href":"https:\/\/www.blindagemacmahon.fr\/index.php\/wp-json\/wp\/v2\/pages\/63\/revisions"}],"predecessor-version":[{"id":411,"href":"https:\/\/www.blindagemacmahon.fr\/index.php\/wp-json\/wp\/v2\/pages\/63\/revisions\/411"}],"wp:attachment":[{"href":"https:\/\/www.blindagemacmahon.fr\/index.php\/wp-json\/wp\/v2\/media?parent=63"}],"curies":[{"name":"wp","href":"https:\/\/api.w.org\/{rel}","templated":true}]}}